{"id":78,"date":"2018-04-12T12:22:45","date_gmt":"2018-04-12T10:22:45","guid":{"rendered":"https:\/\/thehiketribe.com\/de\/?page_id=78"},"modified":"2021-03-08T18:00:46","modified_gmt":"2021-03-08T17:00:46","slug":"impressum","status":"publish","type":"page","link":"https:\/\/thehiketribe.com\/de\/impressum\/","title":{"rendered":"Impressum"},"content":{"rendered":"<p>KOAWEB O\u00dc<br \/>\nSepapaja 6<br \/>\n15551 Tallinn<\/p>\n<p>Vertreten durch: Jan N. J\u00f8rgensen<\/p>\n<p>Telefon: +49 (0) 551 288 771 61<br \/>\nE-Mail:\tjan@thehiketribe.com<\/p>\n<p>Trade Register<br \/>\nRegistry code: 14113067<br \/>\nRechtsform: Private limited company<\/p>\n<p>Verantwortlich f\u00fcr den Inhalt nach \u00a7 55 Abs. 2 RStV: Jan N. J\u00f8rgensen<\/p>\n<p>Disclaimer<\/p>\n<p>Hinweis<\/p>\n<p>Sollten auf dieser Seite ihre Rechte verletzt werden, kontaktieren Sie uns bitte umgehend und teilen uns den genauen Umfang und Ort dieser Verletzung mit.<\/p>\n<p>Haftung f\u00fcr Inhalte<\/p>\n<p>Die Inhalte unserer Seiten wurden mit gr\u00f6\u00dfter Sorgfalt erstellt. F\u00fcr die Richtigkeit, Vollst\u00e4ndigkeit und Aktualit\u00e4t der Inhalte k\u00f6nnen wir jedoch keine Gew\u00e4hr \u00fcbernehmen.<\/p>\n<p>Als Diensteanbieter sind wir gem\u00e4\u00df \u00a7 6 Abs.1 MDStV und \u00a7 8 Abs.1 TDG f\u00fcr eigene Inhalte auf diesen Seiten nach den allgemeinen Gesetzen verantwortlich. Diensteanbieter sind jedoch nicht verpflichtet, die von ihnen \u00fcbermittelten oder gespeicherten fremden Informationen zu \u00fcberwachen oder nach Umst\u00e4nden zu forschen, die auf eine rechtswidrige T\u00e4tigkeit hinweisen. Verpflichtungen zur Entfernung oder Sperrung der Nutzung von Informationen nach den allgemeinen Gesetzen bleiben hiervon unber\u00fchrt. Eine diesbez\u00fcgliche Haftung ist jedoch erst ab dem Zeitpunkt der Kenntnis einer konkreten Rechtsverletzung m\u00f6glich. Bei bekannt werden von entsprechenden Rechtsverletzungen werden wir diese Inhalte umgehend entfernen.<\/p>\n<p>Haftung f\u00fcr Links<\/p>\n<p>Diese Webseite enth\u00e4lt Links zu externen Webseiten Dritter, auf deren Inhalte wir keinen Einfluss haben. Deshalb k\u00f6nnen wir f\u00fcr diese fremden Inhalte auch keine Gew\u00e4hr \u00fcbernehmen. F\u00fcr die Inhalte der verlinkten Seiten ist stets der jeweilige Anbieter oder Betreiber der Seiten verantwortlich. Die verlinkten Seiten wurden zum Zeitpunkt der Verlinkung auf m\u00f6gliche Rechtsverst\u00f6\u00dfe \u00fcberpr\u00fcft. Rechtswidrige Inhalte waren zum Zeitpunkt der Verlinkung nicht erkennbar. Eine permanente inhaltliche Kontrolle der verlinkten Seiten ist jedoch ohne konkrete Anhaltspunkte einer Rechtsverletzung nicht zumutbar. Bei bekannt werden von Rechtsverletzungen werden derartige Links umgehend entfernt<br \/>\n.<br \/>\nUrheberrecht<\/p>\n<p>Wir sind stehts bem\u00fcht, die Urheberrechte anderer zu beachten bzw. auf selbst erstellte sowie lizenzfreie Werke zur\u00fcckzugreifen.<\/p>\n<p>Die durch uns erstellten Inhalte und Werke unterliegen dem deutschen Urheberrecht. Beitr\u00e4ge Dritter sind als solche gekennzeichnet. Die Vervielf\u00e4ltigung, Bearbeitung, Verbreitung und jede Art der Verwertung au\u00dferhalb der Grenzen des Urheberrechtes bed\u00fcrfen der schriftlichen Zustimmung des jeweiligen Autors bzw. Erstellers. Downloads und Kopien dieser Seite sind nur f\u00fcr den privaten, nicht kommerziellen Gebrauch gestattet.<\/p>\n<p>Datenschutz<\/p>\n<p>Soweit auf unseren Seiten personenbezogene Daten (beispielsweise Name, Anschrift oder eMail-Adressen) erhoben werden, erfolgt dies soweit m\u00f6glich stets auf freiwilliger Basis. Die Nutzung der Angebote und Dienste ist, soweit m\u00f6glich, stets ohne Angabe personenbezogener Daten m\u00f6glich.<\/p>\n<p>Der Nutzung von im Rahmen der Impressumspflicht ver\u00f6ffentlichten Kontaktdaten durch Dritte zur \u00dcbersendung von nicht ausdr\u00fccklich angeforderter Werbung und Informationsmaterialien wird hiermit ausdr\u00fccklich widersprochen. Die Betreiber der Seiten behalten sich ausdr\u00fccklich rechtliche Schritte im Falle der unverlangten Zusendung von Werbeinformationen, etwa durch Spam-Mails, vor.<\/p>\n<p>Kommentare und Meinungen<\/p>\n<p>Alle hier abgegebenen Kommentare, die nicht vom Betreiber geschrieben oder verfasst worden sind, geben nicht die Auffassung des Betreibers wieder. Jeder Kommentator haftet f\u00fcr seine eigenen Kommentare und Links die er schreibt. Der oben genannte Betreiber von dieser Webseite distanziert sich hiermit ausdr\u00fccklich, von Kommentaren, die nicht durch ihn erstellt worden sind.<\/p>\n<p>Hinweis zu Google Analytics<\/p>\n<p>Diese Website benutzt Google Analytics, einen Webanalysedienst der Google Inc. (\u201eGoogle\u201c). Google Analytics verwendet sog. \u201eCookies\u201c, Textdateien, die auf Ihrem Computer gespeichert werden und die eine Analyse der Benutzung der Website durch Sie erm\u00f6glichen. Die durch den Cookie erzeugten Informationen \u00fcber Ihre Benutzung dieser Website (einschlie\u00dflich Ihrer IP-Adresse) wird an einen Server von Google in den USA \u00fcbertragen und dort gespeichert. Google wird diese Informationen benutzen, um Ihre Nutzung der Website auszuwerten, um Reports \u00fcber die Websiteaktivit\u00e4ten f\u00fcr die Websitebetreiber zusammenzustellen und um weitere mit der Websitenutzung und der Internetnutzung verbundene Dienstleistungen zu erbringen. Auch wird Google diese Informationen gegebenenfalls an Dritte \u00fcbertragen, sofern dies gesetzlich vorgeschrieben oder soweit Dritte diese Daten im Auftrag von Google verarbeiten. Google wird in keinem Fall Ihre IP-Adresse mit anderen Daten von Google in Verbindung bringen. Sie k\u00f6nnen die Installation der Cookies durch eine entsprechende Einstellung Ihrer Browser Software verhindern; wir weisen Sie jedoch darauf hin, dass Sie in diesem Fall gegebenenfalls nicht s\u00e4mtliche Funktionen dieser Website vollumf\u00e4nglich nutzen k\u00f6nnen. Durch die Nutzung dieser Website erkl\u00e4ren Sie sich mit der Bearbeitung der \u00fcber Sie erhobenen Daten durch Google in der zuvor beschriebenen Art und Weise und zu dem zuvor benannten Zweck einverstanden.<\/p>","protected":false},"excerpt":{"rendered":"<p>KOAWEB O\u00dc Sepapaja 6 15551 Tallinn Vertreten durch: Jan N. J\u00f8rgensen Telefon: +49 (0) 551 288 771 61 E-Mail: jan@thehiketribe.com Trade Register Registry code: 14113067 Rechtsform: Private limited company Verantwortlich f\u00fcr den Inhalt nach \u00a7 55 Abs. 2 RStV: Jan N. J\u00f8rgensen Disclaimer Hinweis Sollten auf dieser Seite ihre Rechte<\/p>\n","protected":false},"author":2,"featured_media":0,"parent":0,"menu_order":0,"comment_status":"closed","ping_status":"closed","template":"","meta":{"footnotes":""},"class_list":["post-78","page","type-page","status-publish","hentry"],"_links":{"self":[{"href":"https:\/\/thehiketribe.com\/de\/wp-json\/wp\/v2\/pages\/78"}],"collection":[{"href":"https:\/\/thehiketribe.com\/de\/wp-json\/wp\/v2\/pages"}],"about":[{"href":"https:\/\/thehiketribe.com\/de\/wp-json\/wp\/v2\/types\/page"}],"author":[{"embeddable":true,"href":"https:\/\/thehiketribe.com\/de\/wp-json\/wp\/v2\/users\/2"}],"replies":[{"embeddable":true,"href":"https:\/\/thehiketribe.com\/de\/wp-json\/wp\/v2\/comments?post=78"}],"version-history":[{"count":10,"href":"https:\/\/thehiketribe.com\/de\/wp-json\/wp\/v2\/pages\/78\/revisions"}],"predecessor-version":[{"id":12688,"href":"https:\/\/thehiketribe.com\/de\/wp-json\/wp\/v2\/pages\/78\/revisions\/12688"}],"wp:attachment":[{"href":"https:\/\/thehiketribe.com\/de\/wp-json\/wp\/v2\/media?parent=78"}],"curies":[{"name":"wp","href":"https:\/\/api.w.org\/{rel}","templated":true}]}}